{"id":3194,"date":"2020-06-16T20:11:23","date_gmt":"2020-06-16T19:11:23","guid":{"rendered":"http:\/\/laboratoiredesmetiers.com\/?page_id=3194"},"modified":"2020-06-17T23:59:08","modified_gmt":"2020-06-17T22:59:08","slug":"preparer-le-dispositif-de-prelevement","status":"publish","type":"page","link":"https:\/\/laboratoiredesmetiers.com\/?page_id=3194","title":{"rendered":"Pr\u00e9parer le dispositif de pr\u00e9l\u00e8vement"},"content":{"rendered":"","protected":false},"excerpt":{"rendered":"","protected":false},"author":2,"featured_media":0,"parent":3030,"menu_order":7,"comment_status":"closed","ping_status":"closed","template":"template-videos.php","meta":{"footnotes":""},"_links":{"self":[{"href":"https:\/\/laboratoiredesmetiers.com\/index.php?rest_route=\/wp\/v2\/pages\/3194"}],"collection":[{"href":"https:\/\/laboratoiredesmetiers.com\/index.php?rest_route=\/wp\/v2\/pages"}],"about":[{"href":"https:\/\/laboratoiredesmetiers.com\/index.php?rest_route=\/wp\/v2\/types\/page"}],"author":[{"embeddable":true,"href":"https:\/\/laboratoiredesmetiers.com\/index.php?rest_route=\/wp\/v2\/users\/2"}],"replies":[{"embeddable":true,"href":"https:\/\/laboratoiredesmetiers.com\/index.php?rest_route=%2Fwp%2Fv2%2Fcomments&post=3194"}],"version-history":[{"count":1,"href":"https:\/\/laboratoiredesmetiers.com\/index.php?rest_route=\/wp\/v2\/pages\/3194\/revisions"}],"predecessor-version":[{"id":3195,"href":"https:\/\/laboratoiredesmetiers.com\/index.php?rest_route=\/wp\/v2\/pages\/3194\/revisions\/3195"}],"up":[{"embeddable":true,"href":"https:\/\/laboratoiredesmetiers.com\/index.php?rest_route=\/wp\/v2\/pages\/3030"}],"wp:attachment":[{"href":"https:\/\/laboratoiredesmetiers.com\/index.php?rest_route=%2Fwp%2Fv2%2Fmedia&parent=3194"}],"curies":[{"name":"wp","href":"https:\/\/api.w.org\/{rel}","templated":true}]}}