{"id":1625,"date":"2015-06-04T14:34:12","date_gmt":"2015-06-04T13:34:12","guid":{"rendered":"http:\/\/laboratoiredesmetiers.com\/?page_id=1625"},"modified":"2015-06-04T14:34:12","modified_gmt":"2015-06-04T13:34:12","slug":"parametres-de-securite","status":"publish","type":"page","link":"https:\/\/laboratoiredesmetiers.com\/?page_id=1625","title":{"rendered":"Param\u00e8tres de s\u00e9curit\u00e9"},"content":{"rendered":"","protected":false},"excerpt":{"rendered":"","protected":false},"author":2,"featured_media":0,"parent":1599,"menu_order":0,"comment_status":"open","ping_status":"open","template":"template-videos.php","meta":{"footnotes":""},"_links":{"self":[{"href":"https:\/\/laboratoiredesmetiers.com\/index.php?rest_route=\/wp\/v2\/pages\/1625"}],"collection":[{"href":"https:\/\/laboratoiredesmetiers.com\/index.php?rest_route=\/wp\/v2\/pages"}],"about":[{"href":"https:\/\/laboratoiredesmetiers.com\/index.php?rest_route=\/wp\/v2\/types\/page"}],"author":[{"embeddable":true,"href":"https:\/\/laboratoiredesmetiers.com\/index.php?rest_route=\/wp\/v2\/users\/2"}],"replies":[{"embeddable":true,"href":"https:\/\/laboratoiredesmetiers.com\/index.php?rest_route=%2Fwp%2Fv2%2Fcomments&post=1625"}],"version-history":[{"count":1,"href":"https:\/\/laboratoiredesmetiers.com\/index.php?rest_route=\/wp\/v2\/pages\/1625\/revisions"}],"predecessor-version":[{"id":1626,"href":"https:\/\/laboratoiredesmetiers.com\/index.php?rest_route=\/wp\/v2\/pages\/1625\/revisions\/1626"}],"up":[{"embeddable":true,"href":"https:\/\/laboratoiredesmetiers.com\/index.php?rest_route=\/wp\/v2\/pages\/1599"}],"wp:attachment":[{"href":"https:\/\/laboratoiredesmetiers.com\/index.php?rest_route=%2Fwp%2Fv2%2Fmedia&parent=1625"}],"curies":[{"name":"wp","href":"https:\/\/api.w.org\/{rel}","templated":true}]}}