{"id":1615,"date":"2015-06-04T14:32:33","date_gmt":"2015-06-04T13:32:33","guid":{"rendered":"http:\/\/laboratoiredesmetiers.com\/?page_id=1615"},"modified":"2015-06-04T14:32:33","modified_gmt":"2015-06-04T13:32:33","slug":"parametres-de-securite","status":"publish","type":"page","link":"https:\/\/laboratoiredesmetiers.com\/?page_id=1615","title":{"rendered":"Param\u00e8tres de s\u00e9curit\u00e9"},"content":{"rendered":"","protected":false},"excerpt":{"rendered":"","protected":false},"author":2,"featured_media":0,"parent":1589,"menu_order":0,"comment_status":"open","ping_status":"open","template":"template-videos.php","meta":{"footnotes":""},"_links":{"self":[{"href":"https:\/\/laboratoiredesmetiers.com\/index.php?rest_route=\/wp\/v2\/pages\/1615"}],"collection":[{"href":"https:\/\/laboratoiredesmetiers.com\/index.php?rest_route=\/wp\/v2\/pages"}],"about":[{"href":"https:\/\/laboratoiredesmetiers.com\/index.php?rest_route=\/wp\/v2\/types\/page"}],"author":[{"embeddable":true,"href":"https:\/\/laboratoiredesmetiers.com\/index.php?rest_route=\/wp\/v2\/users\/2"}],"replies":[{"embeddable":true,"href":"https:\/\/laboratoiredesmetiers.com\/index.php?rest_route=%2Fwp%2Fv2%2Fcomments&post=1615"}],"version-history":[{"count":1,"href":"https:\/\/laboratoiredesmetiers.com\/index.php?rest_route=\/wp\/v2\/pages\/1615\/revisions"}],"predecessor-version":[{"id":1616,"href":"https:\/\/laboratoiredesmetiers.com\/index.php?rest_route=\/wp\/v2\/pages\/1615\/revisions\/1616"}],"up":[{"embeddable":true,"href":"https:\/\/laboratoiredesmetiers.com\/index.php?rest_route=\/wp\/v2\/pages\/1589"}],"wp:attachment":[{"href":"https:\/\/laboratoiredesmetiers.com\/index.php?rest_route=%2Fwp%2Fv2%2Fmedia&parent=1615"}],"curies":[{"name":"wp","href":"https:\/\/api.w.org\/{rel}","templated":true}]}}