{"id":1575,"date":"2015-06-04T14:16:01","date_gmt":"2015-06-04T13:16:01","guid":{"rendered":"http:\/\/laboratoiredesmetiers.com\/?page_id=1575"},"modified":"2015-06-04T14:16:01","modified_gmt":"2015-06-04T13:16:01","slug":"interpretation-des-plans-devis-et-procedes-de-soudage","status":"publish","type":"page","link":"https:\/\/laboratoiredesmetiers.com\/?page_id=1575","title":{"rendered":"Interpr\u00e9tation des plans, devis et proc\u00e9d\u00e9s de soudage"},"content":{"rendered":"","protected":false},"excerpt":{"rendered":"","protected":false},"author":2,"featured_media":0,"parent":1244,"menu_order":0,"comment_status":"open","ping_status":"open","template":"","meta":{"footnotes":""},"_links":{"self":[{"href":"https:\/\/laboratoiredesmetiers.com\/index.php?rest_route=\/wp\/v2\/pages\/1575"}],"collection":[{"href":"https:\/\/laboratoiredesmetiers.com\/index.php?rest_route=\/wp\/v2\/pages"}],"about":[{"href":"https:\/\/laboratoiredesmetiers.com\/index.php?rest_route=\/wp\/v2\/types\/page"}],"author":[{"embeddable":true,"href":"https:\/\/laboratoiredesmetiers.com\/index.php?rest_route=\/wp\/v2\/users\/2"}],"replies":[{"embeddable":true,"href":"https:\/\/laboratoiredesmetiers.com\/index.php?rest_route=%2Fwp%2Fv2%2Fcomments&post=1575"}],"version-history":[{"count":1,"href":"https:\/\/laboratoiredesmetiers.com\/index.php?rest_route=\/wp\/v2\/pages\/1575\/revisions"}],"predecessor-version":[{"id":1576,"href":"https:\/\/laboratoiredesmetiers.com\/index.php?rest_route=\/wp\/v2\/pages\/1575\/revisions\/1576"}],"up":[{"embeddable":true,"href":"https:\/\/laboratoiredesmetiers.com\/index.php?rest_route=\/wp\/v2\/pages\/1244"}],"wp:attachment":[{"href":"https:\/\/laboratoiredesmetiers.com\/index.php?rest_route=%2Fwp%2Fv2%2Fmedia&parent=1575"}],"curies":[{"name":"wp","href":"https:\/\/api.w.org\/{rel}","templated":true}]}}