{"id":1244,"date":"2015-06-01T16:03:58","date_gmt":"2015-06-01T15:03:58","guid":{"rendered":"http:\/\/laboratoiredesmetiers.com\/?page_id=1244"},"modified":"2020-06-11T17:15:33","modified_gmt":"2020-06-11T16:15:33","slug":"soudeur-monteur-soudeuse-monteuse","status":"publish","type":"page","link":"https:\/\/laboratoiredesmetiers.com\/?page_id=1244","title":{"rendered":"Soudeur-monteur \/ Soudeuse-monteuse"},"content":{"rendered":"<p>Les soudeurs-monteurs \/ soudeuses-monteuses utilisent du mat\u00e9riel et des machines pour souder les m\u00e9taux ferreux ou non ferreux. Ils ou elles ont recours \u00e0 des proc\u00e9d\u00e9s de soudage manuel ou semi-automatique. Ils ou elles exercent leur m\u00e9tier dans des milieux industriels vari\u00e9s.<\/p>\n<h2>Programmes de formation<\/h2>\n<p><strong>Dipl\u00f4me d&rsquo;\u00e9tudes professionnelles (DEP):<\/strong> M\u00e9tallurgie. Soudage-montage <span style=\"color: #790e11;\">(5195 \u2013 Minist\u00e8re de l\u2019\u00c9ducation, du Loisir et du Sport)<\/span><\/p>\n<p><strong>Attestation de sp\u00e9cialisation professionnelle (ASP):<\/strong> <span style=\"color: #800000;\"><span style=\"color: #000000;\">M\u00e9tallurgie. Soudage haute pression<\/span> (5224 \u2013 Minist\u00e8re de l\u2019\u00c9ducation, du Loisir et du Sport)<br \/>\n<\/span><\/p>\n<p><strong>Programme d&rsquo;apprentissage en milieu de travail (PAMT):<\/strong> <span style=\"color: #800000;\"><span style=\"color: #000000;\">Soudeur ou soudeuse : guide du compagnon ou de la compagne d\u2019apprentissage <\/span>(Qu\u00e9bec : Emploi-Qu\u00e9bec)<\/span><\/p>\n<p>&nbsp;<\/p>\n<h2>Explications du terme <em><strong>param\u00e8tre<\/strong><\/em><\/h2>\n<p>Dans le domaine des savoirs de m\u00e9tier et dans le cadre pr\u00e9cis de ce laboratoire, le terme <em><strong>param\u00e8tre<\/strong> <\/em>d\u00e9signe tout \u00e9l\u00e9ment important qui permet une meilleure explicitation des caract\u00e9ristiques essentielles de l&rsquo;ensemble des activit\u00e9s cl\u00e9s et actions d&rsquo;un m\u00e9tier. Il permet aussi d&rsquo;optimiser la compr\u00e9hension des savoirs de m\u00e9tier.<\/p>\n<p>Ainsi toute <strong>activit\u00e9 cl\u00e9<\/strong> ou <strong>action<\/strong> d\u00e9ploy\u00e9e lors de l&rsquo;exercice d&rsquo;un m\u00e9tier peut \u00eatre analys\u00e9e, d\u00e9crite \u00e0 partir de rep\u00e8res et d&rsquo;indications pr\u00e9cises rassembl\u00e9s sous le terme de param\u00e8tres.<\/p>\n<p><a style=\"color: #790e11;\" href=\"http:\/\/laboratoiredesmetiers.com\/wp-content\/uploads\/2015\/09\/guide-didactique-soudeur-soudeuse.pdf\" target=\"_blank\"><strong>POUR EN SAVOIR PLUS, CLIQUER ICI<\/strong> et consulter la<\/span> <strong><em>Section 3<\/em><\/strong> du <span style=\"color: #790e11;\"><em>Guide didactique du processus de raisonnement du soudeur-monteur ou de la soudeuse-monteuse<\/em><\/span><\/a><\/p>\n","protected":false},"excerpt":{"rendered":"<p>Les soudeurs-monteurs \/ soudeuses-monteuses utilisent du mat\u00e9riel et des machines pour souder les m\u00e9taux ferreux ou non ferreux. Ils ou elles ont recours \u00e0 des proc\u00e9d\u00e9s de soudage manuel ou semi-automatique. Ils ou elles exercent leur m\u00e9tier dans des milieux industriels vari\u00e9s. Programmes de formation Dipl\u00f4me d&rsquo;\u00e9tudes professionnelles (DEP): M\u00e9tallurgie. Soudage-montage (5195 \u2013 Minist\u00e8re de [&hellip;]<\/p>\n","protected":false},"author":2,"featured_media":120,"parent":7,"menu_order":3,"comment_status":"open","ping_status":"open","template":"template-techniques.php","meta":{"footnotes":""},"_links":{"self":[{"href":"https:\/\/laboratoiredesmetiers.com\/index.php?rest_route=\/wp\/v2\/pages\/1244"}],"collection":[{"href":"https:\/\/laboratoiredesmetiers.com\/index.php?rest_route=\/wp\/v2\/pages"}],"about":[{"href":"https:\/\/laboratoiredesmetiers.com\/index.php?rest_route=\/wp\/v2\/types\/page"}],"author":[{"embeddable":true,"href":"https:\/\/laboratoiredesmetiers.com\/index.php?rest_route=\/wp\/v2\/users\/2"}],"replies":[{"embeddable":true,"href":"https:\/\/laboratoiredesmetiers.com\/index.php?rest_route=%2Fwp%2Fv2%2Fcomments&post=1244"}],"version-history":[{"count":6,"href":"https:\/\/laboratoiredesmetiers.com\/index.php?rest_route=\/wp\/v2\/pages\/1244\/revisions"}],"predecessor-version":[{"id":2170,"href":"https:\/\/laboratoiredesmetiers.com\/index.php?rest_route=\/wp\/v2\/pages\/1244\/revisions\/2170"}],"up":[{"embeddable":true,"href":"https:\/\/laboratoiredesmetiers.com\/index.php?rest_route=\/wp\/v2\/pages\/7"}],"wp:featuredmedia":[{"embeddable":true,"href":"https:\/\/laboratoiredesmetiers.com\/index.php?rest_route=\/wp\/v2\/media\/120"}],"wp:attachment":[{"href":"https:\/\/laboratoiredesmetiers.com\/index.php?rest_route=%2Fwp%2Fv2%2Fmedia&parent=1244"}],"curies":[{"name":"wp","href":"https:\/\/api.w.org\/{rel}","templated":true}]}}