{"id":108,"date":"2015-05-06T14:14:51","date_gmt":"2015-05-06T13:14:51","guid":{"rendered":"http:\/\/laboratoiredesmetiers.com\/?page_id=108"},"modified":"2025-08-27T19:35:08","modified_gmt":"2025-08-27T18:35:08","slug":"a-propos-de-nous","status":"publish","type":"page","link":"https:\/\/laboratoiredesmetiers.com\/?page_id=108","title":{"rendered":"\u00c0 propos de nous"},"content":{"rendered":"<h4>Directrice de la recherche et chercheuse<\/h4>\n<p><strong>Marie Alexandre, Ph. D., en psychop\u00e9dagogie de l&rsquo;enseignement professionnel<\/strong><\/p>\n<p><a href=\"http:\/\/laboratoiredesmetiers.com\/wp-content\/uploads\/2020\/06\/2018Modifie\u0301e-Marie20Alexandre_2017-copie.jpg\"><img loading=\"lazy\" decoding=\"async\" class=\"alignnone size-medium wp-image-3821\" src=\"http:\/\/laboratoiredesmetiers.com\/wp-content\/uploads\/2020\/06\/2018Modifie\u0301e-Marie20Alexandre_2017-copie-300x210.jpg\" alt=\"\" width=\"300\" height=\"210\" srcset=\"https:\/\/laboratoiredesmetiers.com\/wp-content\/uploads\/2020\/06\/2018Modifie\u0301e-Marie20Alexandre_2017-copie-300x210.jpg 300w, https:\/\/laboratoiredesmetiers.com\/wp-content\/uploads\/2020\/06\/2018Modifie\u0301e-Marie20Alexandre_2017-copie-768x538.jpg 768w, https:\/\/laboratoiredesmetiers.com\/wp-content\/uploads\/2020\/06\/2018Modifie\u0301e-Marie20Alexandre_2017-copie-1024x717.jpg 1024w, https:\/\/laboratoiredesmetiers.com\/wp-content\/uploads\/2020\/06\/2018Modifie\u0301e-Marie20Alexandre_2017-copie.jpg 1224w\" sizes=\"(max-width: 300px) 100vw, 300px\" \/><\/a><\/p>\n<p><span style=\"color: #2e5072;\"><strong>Marie Alexandre<\/strong><\/span>\u00a0d\u00e9tient un doctorat en \u00e9ducation de l\u2019Universit\u00e9 de Sherbrooke. Elle agit \u00e0 titre de professeure au baccalaur\u00e9at de l&rsquo; enseignement professionnel \u00e0 l\u2019unit\u00e9 d\u00e9partementale des Sciences de l\u2019\u00e9ducation de l\u2019UQAR. Membre du groupe de recherche sur l&rsquo;entretien d&rsquo;explicitation (GREX2) et de l&rsquo;Observatoire du num\u00e9rique en \u00e9ducation (ONE), elle est chercheuse associ\u00e9e au Centre de transfert pour la r\u00e9ussite \u00e9ducative du Qu\u00e9bec (CTREQ) et cofondatrice du Laboratoire de recherche MuSE &amp; FADu. Elle est \u00e9galement membre du Comit\u00e9 scientifique international de l\u2019Acad\u00e9mie nationale des Sciences et techniques du S\u00e9n\u00e9gal. Ses travaux de recherche portent sur la didactique, le savoir-enseigner en formation \u00e0 distance (processus didactique). Elle s\u2019int\u00e9resse \u00e9galement \u00e0 la formation de formateurs, aux environnements d\u2019apprentissage en ligne et aux savoirs de m\u00e9tier en formation professionnelle et technique (processus de raisonnement de m\u00e9tier).<\/p>\n<h4><\/h4>\n<h4><span style=\"color: #000000;\">\u00c9quipe de recherche<\/span><\/h4>\n<p><strong>Directrice de la recherche<\/strong>\u00a0:<strong><span style=\"color: #790e11;\">\u00a0 Marie Alexandre<\/span>,\u00a0 <\/strong><span style=\"color: #790e11;\">Ph. D.<\/span><strong><span><span style=\"color: #790e11;\"> professeure <span style=\"caret-color: #790e11;\">titulaire, <\/span>UQAR<\/span><\/span><\/strong><\/p>\n<p>Chercheurs associ\u00e9s: <strong><span style=\"color: #790e11;\">Sylvain Beaupr\u00e9, <\/span><\/strong><span style=\"color: #790e11;\">Ph.D., <\/span><strong><span style=\"color: #790e11;\">UQAT; Lina Sylvain, <\/span><\/strong><em><span style=\"color: #790e11;\">Ph. D.<\/span><\/em><strong><span style=\"color: #790e11;\">\u00a0UQAR\u00a0<\/span><\/strong><\/p>\n<p>Analyse, codage et r\u00e9daction des guides didactiques : <strong><span style=\"color: #790e11;\">Dominique Amyot, \u00a0UQAR<\/span>\u00a0<\/strong><\/p>\n<p>Captation, d\u00e9coupage et montage\u00a0des capsules :<span style=\"color: #790e11;\"><strong> Jean-Luc Th\u00e9berge, UQAR (Service des technologies de l&rsquo;information)<br \/>\n<\/strong><\/span><\/p>\n<p>Design graphique du site Web, des guides didactiques et int\u00e9gration des contenus\u00a0:<strong><span style=\"color: #790e11;\"> Annie Pineault, C\u00e9gep de Rivi\u00e8re-du-Loup<\/span>\u00a0<\/strong><\/p>\n<p>D\u00e9veloppement du gestionnaire de contenus\u00a0:<strong><span style=\"color: #790e11;\">\u00a0Patrice\u00a0Poliquin (<a style=\"color: #790e11;\" href=\"http:\/\/www.okidoo.ca\/\" target=\"_blank\" rel=\"noopener noreferrer\">Okidoo Interactif<\/a>)<br \/>\n<\/span><\/strong><\/p>\n<p>R\u00e9vision linguistique :<strong><span style=\"color: #790e11;\"> Dominique Amyot, UQAR<\/span>\u00a0<\/strong><\/p>\n<p><strong>\u00a0<\/strong><\/p>\n<p>&nbsp;<\/p>\n<h4><span style=\"color: #000000;\">Secteur de la fabrication m\u00e9tallique du Qu\u00e9bec <\/span><\/h4>\n<p>Analyse des programmes de formation : <strong><span style=\"color: #790e11;\">Nancy Th\u00e9riault <\/span>\u00a0<\/strong><\/p>\n<p>Collecte des donn\u00e9es et coordination des activit\u00e9s : <strong><span style=\"color: #790e11;\">Denise Bossinotte <\/span>\u00a0<\/strong><\/p>\n<p>Soutien administratif : <strong><span style=\"color: #790e11;\">Julie Roy, UQAR (Service de la formation continue)<\/span>\u00a0<\/strong><\/p>\n<h3><em><strong>Membres du comit\u00e9 des partenaires de la recherche<\/strong><\/em><\/h3>\n<p><span style=\"color: #790e11;\"><strong>Marie Alexandre <span style=\"color: #2e5072;\">&gt;\u00a0<\/span><\/strong><\/span>Ph. D.,\u00a0Chercheuse, <strong><span style=\"color: #2e5072;\">UQAR<\/span><\/strong><\/p>\n<p><span style=\"color: #790e11;\"><strong>Chantal Asselin <span style=\"color: #2e5072;\">&gt;\u00a0<\/span><\/strong><\/span>CPA, CA, Directrice de la planification, du partenariat et du service aux entreprises, <strong><span style=\"color: #2e5072;\">Emploi-Qu\u00e9bec Bas-Saint-Laurent<\/span><\/strong><\/p>\n<p><strong><span style=\"color: #790e11;\">Louise Bolduc <span style=\"color: #2e5072;\">&gt;\u00a0<\/span><\/span><\/strong>Directrice du Service de la formation continue, <strong><span style=\"color: #2e5072;\">UQAR<\/span><\/strong><\/p>\n<p><span style=\"color: #790e11;\"><strong>Denise Bossinotte <span style=\"color: #2e5072;\">&gt;\u00a0<\/span><\/strong><\/span>Agente de recherche, <strong><span style=\"color: #2e5072;\">UQAR<\/span><\/strong><\/p>\n<p><span style=\"color: #790e11;\"><strong>Caroline Chouinard <span style=\"color: #2e5072;\">&gt;\u00a0<\/span><\/strong><\/span>Conseill\u00e8re p\u00e9dagogique, <strong><span style=\"color: #2e5072;\">Centre de formation professionnelle Pavillon-de-l\u2019Avenir de Rivi\u00e8re-du-Loup<\/span><\/strong><\/p>\n<p><strong><span style=\"color: #790e11;\">Pierre Jacques <span style=\"color: #2e5072;\">&gt;\u00a0<\/span><\/span><\/strong>Professionnel en ressources humaines, <span style=\"color: #2e5072;\"><strong>Perform \u2013 Comit\u00e9 sectoriel de la main-d\u2019\u0153uvre dans la fabrication m\u00e9tallique industrielle <\/strong><\/span><\/p>\n<p><span style=\"color: #790e11;\"><strong>Annie Pineault <span style=\"color: #2e5072;\">&gt;\u00a0<\/span><\/strong><\/span>Design graphique du site Web, des guides didactiques et int\u00e9gration des contenus,\u00a0<strong><span style=\"color: #2e5072;\">UQAR<\/span><\/strong><\/p>\n<p><span style=\"color: #790e11;\"><strong>Julie Roy <span style=\"color: #2e5072;\">&gt;\u00a0<\/span><\/strong><\/span>Collaboratrice, Service de la formation continue,\u00a0<strong><span style=\"color: #2e5072;\">UQAR, secr\u00e9taire au bureau r\u00e9gional<br \/>\n<\/span><\/strong><\/p>\n<p><strong><span style=\"color: #790e11;\">Marjolaine Roy <span style=\"color: #2e5072;\">&gt;\u00a0<\/span><\/span><\/strong>Directrice des \u00e9tudes,\u00a0<span style=\"color: #2e5072;\"><strong>C\u00e9gep de Rivi\u00e8re-du-Loup<\/strong><\/span><\/p>\n<p><strong><span style=\"color: #790e11;\">Vincent Tanguay <span style=\"color: #2e5072;\">&gt;\u00a0<\/span><\/span><\/strong>Collaborateur mandats sp\u00e9ciaux CEFRIO, <span style=\"color: #2e5072;\"><strong>Centre de transfert pour la r\u00e9ussite \u00e9ducative au Qu\u00e9bec (CTREQ)<\/strong><\/span><\/p>\n<p><span style=\"color: #790e11;\"><strong>Diane Tardif <span style=\"color: #2e5072;\">&gt;\u00a0<\/span><\/strong><\/span>Conseill\u00e8re r\u00e9gionale,\u00a0<strong><span style=\"color: #2e5072;\">Emploi-Qu\u00e9bec Bas-Saint-Laurent<\/span><\/strong><\/p>\n<h4><span style=\"color: #000000;\">Secteur de la Sant\u00e9 <\/span><\/h4>\n<p>Analyse des programmes de formation : <strong><span style=\"color: #790e11;\">Dominique Amyot, UQAR <\/span>\u00a0<\/strong><\/p>\n<p>Collecte des donn\u00e9es et coordination des activit\u00e9s : <strong><span style=\"color: #790e11;\">Ghyslaine Daigle, UQAR <\/span>\u00a0<\/strong><\/p>\n<p>&nbsp;<\/p>\n<p>&nbsp;<\/p>\n<p>&nbsp;<\/p>\n","protected":false},"excerpt":{"rendered":"<p>Directrice de la recherche et chercheuse Marie Alexandre, Ph. D., en psychop\u00e9dagogie de l&rsquo;enseignement professionnel Marie Alexandre\u00a0d\u00e9tient un doctorat en \u00e9ducation de l\u2019Universit\u00e9 de Sherbrooke. Elle agit \u00e0 titre de professeure au baccalaur\u00e9at de l&rsquo; enseignement professionnel \u00e0 l\u2019unit\u00e9 d\u00e9partementale des Sciences de l\u2019\u00e9ducation de l\u2019UQAR. Membre du groupe de recherche sur l&rsquo;entretien d&rsquo;explicitation (GREX2) [&hellip;]<\/p>\n","protected":false},"author":2,"featured_media":121,"parent":71,"menu_order":0,"comment_status":"open","ping_status":"closed","template":"","meta":{"footnotes":""},"_links":{"self":[{"href":"https:\/\/laboratoiredesmetiers.com\/index.php?rest_route=\/wp\/v2\/pages\/108"}],"collection":[{"href":"https:\/\/laboratoiredesmetiers.com\/index.php?rest_route=\/wp\/v2\/pages"}],"about":[{"href":"https:\/\/laboratoiredesmetiers.com\/index.php?rest_route=\/wp\/v2\/types\/page"}],"author":[{"embeddable":true,"href":"https:\/\/laboratoiredesmetiers.com\/index.php?rest_route=\/wp\/v2\/users\/2"}],"replies":[{"embeddable":true,"href":"https:\/\/laboratoiredesmetiers.com\/index.php?rest_route=%2Fwp%2Fv2%2Fcomments&post=108"}],"version-history":[{"count":103,"href":"https:\/\/laboratoiredesmetiers.com\/index.php?rest_route=\/wp\/v2\/pages\/108\/revisions"}],"predecessor-version":[{"id":3877,"href":"https:\/\/laboratoiredesmetiers.com\/index.php?rest_route=\/wp\/v2\/pages\/108\/revisions\/3877"}],"up":[{"embeddable":true,"href":"https:\/\/laboratoiredesmetiers.com\/index.php?rest_route=\/wp\/v2\/pages\/71"}],"wp:featuredmedia":[{"embeddable":true,"href":"https:\/\/laboratoiredesmetiers.com\/index.php?rest_route=\/wp\/v2\/media\/121"}],"wp:attachment":[{"href":"https:\/\/laboratoiredesmetiers.com\/index.php?rest_route=%2Fwp%2Fv2%2Fmedia&parent=108"}],"curies":[{"name":"wp","href":"https:\/\/api.w.org\/{rel}","templated":true}]}}