{"id":3016,"date":"2020-06-16T15:15:04","date_gmt":"2020-06-16T14:15:04","guid":{"rendered":"http:\/\/laboratoiredesmetiers.com\/?page_id=3016"},"modified":"2020-06-16T17:19:27","modified_gmt":"2020-06-16T16:19:27","slug":"reperer-et-identifier-les-elements-de-lunite-de-soins","status":"publish","type":"page","link":"http:\/\/laboratoiredesmetiers.com\/?page_id=3016","title":{"rendered":"Rep\u00e9rer et identifier les \u00e9l\u00e9ments de l\u2019unit\u00e9 de soins"},"content":{"rendered":"","protected":false},"excerpt":{"rendered":"","protected":false},"author":2,"featured_media":0,"parent":3013,"menu_order":0,"comment_status":"closed","ping_status":"closed","template":"","meta":{"footnotes":""},"_links":{"self":[{"href":"http:\/\/laboratoiredesmetiers.com\/index.php?rest_route=\/wp\/v2\/pages\/3016"}],"collection":[{"href":"http:\/\/laboratoiredesmetiers.com\/index.php?rest_route=\/wp\/v2\/pages"}],"about":[{"href":"http:\/\/laboratoiredesmetiers.com\/index.php?rest_route=\/wp\/v2\/types\/page"}],"author":[{"embeddable":true,"href":"http:\/\/laboratoiredesmetiers.com\/index.php?rest_route=\/wp\/v2\/users\/2"}],"replies":[{"embeddable":true,"href":"http:\/\/laboratoiredesmetiers.com\/index.php?rest_route=%2Fwp%2Fv2%2Fcomments&post=3016"}],"version-history":[{"count":1,"href":"http:\/\/laboratoiredesmetiers.com\/index.php?rest_route=\/wp\/v2\/pages\/3016\/revisions"}],"predecessor-version":[{"id":3017,"href":"http:\/\/laboratoiredesmetiers.com\/index.php?rest_route=\/wp\/v2\/pages\/3016\/revisions\/3017"}],"up":[{"embeddable":true,"href":"http:\/\/laboratoiredesmetiers.com\/index.php?rest_route=\/wp\/v2\/pages\/3013"}],"wp:attachment":[{"href":"http:\/\/laboratoiredesmetiers.com\/index.php?rest_route=%2Fwp%2Fv2%2Fmedia&parent=3016"}],"curies":[{"name":"wp","href":"https:\/\/api.w.org\/{rel}","templated":true}]}}