{"id":233,"date":"2015-05-09T16:32:04","date_gmt":"2015-05-09T15:32:04","guid":{"rendered":"http:\/\/laboratoiredesmetiers.com\/?page_id=233"},"modified":"2015-05-25T20:46:27","modified_gmt":"2015-05-25T19:46:27","slug":"parametre-dentree","status":"publish","type":"page","link":"http:\/\/laboratoiredesmetiers.com\/?page_id=233","title":{"rendered":"Param\u00e8tres de s\u00e9curit\u00e9"},"content":{"rendered":"","protected":false},"excerpt":{"rendered":"","protected":false},"author":2,"featured_media":0,"parent":159,"menu_order":1,"comment_status":"open","ping_status":"closed","template":"template-videos.php","meta":{"footnotes":""},"_links":{"self":[{"href":"http:\/\/laboratoiredesmetiers.com\/index.php?rest_route=\/wp\/v2\/pages\/233"}],"collection":[{"href":"http:\/\/laboratoiredesmetiers.com\/index.php?rest_route=\/wp\/v2\/pages"}],"about":[{"href":"http:\/\/laboratoiredesmetiers.com\/index.php?rest_route=\/wp\/v2\/types\/page"}],"author":[{"embeddable":true,"href":"http:\/\/laboratoiredesmetiers.com\/index.php?rest_route=\/wp\/v2\/users\/2"}],"replies":[{"embeddable":true,"href":"http:\/\/laboratoiredesmetiers.com\/index.php?rest_route=%2Fwp%2Fv2%2Fcomments&post=233"}],"version-history":[{"count":3,"href":"http:\/\/laboratoiredesmetiers.com\/index.php?rest_route=\/wp\/v2\/pages\/233\/revisions"}],"predecessor-version":[{"id":677,"href":"http:\/\/laboratoiredesmetiers.com\/index.php?rest_route=\/wp\/v2\/pages\/233\/revisions\/677"}],"up":[{"embeddable":true,"href":"http:\/\/laboratoiredesmetiers.com\/index.php?rest_route=\/wp\/v2\/pages\/159"}],"wp:attachment":[{"href":"http:\/\/laboratoiredesmetiers.com\/index.php?rest_route=%2Fwp%2Fv2%2Fmedia&parent=233"}],"curies":[{"name":"wp","href":"https:\/\/api.w.org\/{rel}","templated":true}]}}