{"id":215,"date":"2015-05-09T16:28:47","date_gmt":"2015-05-09T15:28:47","guid":{"rendered":"http:\/\/laboratoiredesmetiers.com\/?page_id=215"},"modified":"2015-05-25T20:46:14","modified_gmt":"2015-05-25T19:46:14","slug":"parametre-dentree","status":"publish","type":"page","link":"http:\/\/laboratoiredesmetiers.com\/?page_id=215","title":{"rendered":"Param\u00e8tres de s\u00e9curit\u00e9"},"content":{"rendered":"","protected":false},"excerpt":{"rendered":"","protected":false},"author":2,"featured_media":0,"parent":153,"menu_order":1,"comment_status":"open","ping_status":"closed","template":"template-videos.php","meta":{"footnotes":""},"_links":{"self":[{"href":"http:\/\/laboratoiredesmetiers.com\/index.php?rest_route=\/wp\/v2\/pages\/215"}],"collection":[{"href":"http:\/\/laboratoiredesmetiers.com\/index.php?rest_route=\/wp\/v2\/pages"}],"about":[{"href":"http:\/\/laboratoiredesmetiers.com\/index.php?rest_route=\/wp\/v2\/types\/page"}],"author":[{"embeddable":true,"href":"http:\/\/laboratoiredesmetiers.com\/index.php?rest_route=\/wp\/v2\/users\/2"}],"replies":[{"embeddable":true,"href":"http:\/\/laboratoiredesmetiers.com\/index.php?rest_route=%2Fwp%2Fv2%2Fcomments&post=215"}],"version-history":[{"count":3,"href":"http:\/\/laboratoiredesmetiers.com\/index.php?rest_route=\/wp\/v2\/pages\/215\/revisions"}],"predecessor-version":[{"id":674,"href":"http:\/\/laboratoiredesmetiers.com\/index.php?rest_route=\/wp\/v2\/pages\/215\/revisions\/674"}],"up":[{"embeddable":true,"href":"http:\/\/laboratoiredesmetiers.com\/index.php?rest_route=\/wp\/v2\/pages\/153"}],"wp:attachment":[{"href":"http:\/\/laboratoiredesmetiers.com\/index.php?rest_route=%2Fwp%2Fv2%2Fmedia&parent=215"}],"curies":[{"name":"wp","href":"https:\/\/api.w.org\/{rel}","templated":true}]}}