{"id":2,"date":"2015-03-26T20:23:31","date_gmt":"2015-03-26T20:23:31","guid":{"rendered":"http:\/\/laboratoiredesmetiers.com\/?page_id=2"},"modified":"2015-06-10T16:47:55","modified_gmt":"2015-06-10T15:47:55","slug":"page-d-exemple","status":"publish","type":"page","link":"http:\/\/laboratoiredesmetiers.com\/?page_id=2","title":{"rendered":"Machiniste"},"content":{"rendered":"<p id=\"techniques\">Les machinistes r\u00e8glent et conduisent diverses machines-outils afin de tailler ou de meuler le m\u00e9tal, le plastique ou d\u2019autres mat\u00e9riaux. Elles et ils fabriquent ou modifient des pi\u00e8ces de dimensions tr\u00e8s pr\u00e9cises.<\/p>\n<h2>Programmes de formation<\/h2>\n<p><strong>Dipl\u00f4me d&rsquo;\u00e9tudes professionnelles (DEP):<\/strong> Techniques d&rsquo;usinage <span style=\"color: #800000;\">(5223 \u2013 Minist\u00e8re de l&rsquo;\u00c9ducation, du Loisir et du Sport)<\/span><\/p>\n<p><strong>Attestation de sp\u00e9cialisation professionnelle (ASP):<\/strong> Usinage sur machines-outils \u00e0 commande num\u00e9rique <span style=\"color: #800000;\">(5224 \u2013 Minist\u00e8re de l&rsquo;\u00c9ducation, du Loisir et du Sport)<br \/>\n<\/span><\/p>\n<p><strong>Programme d&rsquo;apprentissage en milieu de travail (PAMT):<\/strong> Usinage sur machine-outils \u00e0 commande num\u00e9rique <span style=\"color: #800000;\">(Programme d&rsquo;apprentissage en milieu de travail)<\/span><\/p>\n<p>&nbsp;<\/p>\n<h2>Explications du terme <em><strong>param\u00e8tre<\/strong><\/em><\/h2>\n<p>Dans le domaine des savoirs de m\u00e9tier et dans le cadre pr\u00e9cis de ce laboratoire, le terme <em><strong>param\u00e8tre<\/strong> <\/em>d\u00e9signe tout \u00e9l\u00e9ment important qui permet une meilleure explicitation des caract\u00e9ristiques essentielles de l&rsquo;ensemble des activit\u00e9s cl\u00e9s et actions d&rsquo;un m\u00e9tier. Il permet aussi d&rsquo;optimiser la compr\u00e9hension des savoirs de m\u00e9tier.<\/p>\n<p>Ainsi toute <strong>activit\u00e9 cl\u00e9<\/strong> ou <strong>action<\/strong> d\u00e9ploy\u00e9e lors de l&rsquo;exercice d&rsquo;un m\u00e9tier peut \u00eatre analys\u00e9e, d\u00e9crite \u00e0 partir de rep\u00e8res et d&rsquo;indications pr\u00e9cises rassembl\u00e9s sous le terme de param\u00e8tres.<\/p>\n<p><a style=\"color: #790e11;\" href=\"http:\/\/laboratoiredesmetiers.com\/wp-content\/uploads\/2015\/06\/guide-didactique-machiniste.pdf\" target=\"_blank\"><strong>POUR EN SAVOIR PLUS, CLIQUER ICI<\/strong> et consulter la<\/span> <strong><em>Section 3<\/em><\/strong> du <span style=\"color: #790e11;\"><em>Guide didactique du processus de raisonnement du machiniste<\/em><\/span><\/a><\/p>\n","protected":false},"excerpt":{"rendered":"<p>Les machinistes r\u00e8glent et conduisent diverses machines-outils afin de tailler ou de meuler le m\u00e9tal, le plastique ou d\u2019autres mat\u00e9riaux. Elles et ils fabriquent ou modifient des pi\u00e8ces de dimensions tr\u00e8s pr\u00e9cises. Programmes de formation Dipl\u00f4me d&rsquo;\u00e9tudes professionnelles (DEP): Techniques d&rsquo;usinage (5223 \u2013 Minist\u00e8re de l&rsquo;\u00c9ducation, du Loisir et du Sport) Attestation de sp\u00e9cialisation professionnelle [&hellip;]<\/p>\n","protected":false},"author":1,"featured_media":82,"parent":7,"menu_order":1,"comment_status":"open","ping_status":"open","template":"template-techniques.php","meta":{"footnotes":""},"_links":{"self":[{"href":"http:\/\/laboratoiredesmetiers.com\/index.php?rest_route=\/wp\/v2\/pages\/2"}],"collection":[{"href":"http:\/\/laboratoiredesmetiers.com\/index.php?rest_route=\/wp\/v2\/pages"}],"about":[{"href":"http:\/\/laboratoiredesmetiers.com\/index.php?rest_route=\/wp\/v2\/types\/page"}],"author":[{"embeddable":true,"href":"http:\/\/laboratoiredesmetiers.com\/index.php?rest_route=\/wp\/v2\/users\/1"}],"replies":[{"embeddable":true,"href":"http:\/\/laboratoiredesmetiers.com\/index.php?rest_route=%2Fwp%2Fv2%2Fcomments&post=2"}],"version-history":[{"count":20,"href":"http:\/\/laboratoiredesmetiers.com\/index.php?rest_route=\/wp\/v2\/pages\/2\/revisions"}],"predecessor-version":[{"id":2224,"href":"http:\/\/laboratoiredesmetiers.com\/index.php?rest_route=\/wp\/v2\/pages\/2\/revisions\/2224"}],"up":[{"embeddable":true,"href":"http:\/\/laboratoiredesmetiers.com\/index.php?rest_route=\/wp\/v2\/pages\/7"}],"wp:featuredmedia":[{"embeddable":true,"href":"http:\/\/laboratoiredesmetiers.com\/index.php?rest_route=\/wp\/v2\/media\/82"}],"wp:attachment":[{"href":"http:\/\/laboratoiredesmetiers.com\/index.php?rest_route=%2Fwp%2Fv2%2Fmedia&parent=2"}],"curies":[{"name":"wp","href":"https:\/\/api.w.org\/{rel}","templated":true}]}}