{"id":175,"date":"2015-05-09T16:20:55","date_gmt":"2015-05-09T15:20:55","guid":{"rendered":"http:\/\/laboratoiredesmetiers.com\/?page_id=175"},"modified":"2015-05-25T20:45:35","modified_gmt":"2015-05-25T19:45:35","slug":"parametre-de-securite","status":"publish","type":"page","link":"http:\/\/laboratoiredesmetiers.com\/?page_id=175","title":{"rendered":"Param\u00e8tres de s\u00e9curit\u00e9"},"content":{"rendered":"","protected":false},"excerpt":{"rendered":"","protected":false},"author":2,"featured_media":0,"parent":87,"menu_order":1,"comment_status":"open","ping_status":"closed","template":"template-videos.php","meta":{"footnotes":""},"_links":{"self":[{"href":"http:\/\/laboratoiredesmetiers.com\/index.php?rest_route=\/wp\/v2\/pages\/175"}],"collection":[{"href":"http:\/\/laboratoiredesmetiers.com\/index.php?rest_route=\/wp\/v2\/pages"}],"about":[{"href":"http:\/\/laboratoiredesmetiers.com\/index.php?rest_route=\/wp\/v2\/types\/page"}],"author":[{"embeddable":true,"href":"http:\/\/laboratoiredesmetiers.com\/index.php?rest_route=\/wp\/v2\/users\/2"}],"replies":[{"embeddable":true,"href":"http:\/\/laboratoiredesmetiers.com\/index.php?rest_route=%2Fwp%2Fv2%2Fcomments&post=175"}],"version-history":[{"count":4,"href":"http:\/\/laboratoiredesmetiers.com\/index.php?rest_route=\/wp\/v2\/pages\/175\/revisions"}],"predecessor-version":[{"id":3848,"href":"http:\/\/laboratoiredesmetiers.com\/index.php?rest_route=\/wp\/v2\/pages\/175\/revisions\/3848"}],"up":[{"embeddable":true,"href":"http:\/\/laboratoiredesmetiers.com\/index.php?rest_route=\/wp\/v2\/pages\/87"}],"wp:attachment":[{"href":"http:\/\/laboratoiredesmetiers.com\/index.php?rest_route=%2Fwp%2Fv2%2Fmedia&parent=175"}],"curies":[{"name":"wp","href":"https:\/\/api.w.org\/{rel}","templated":true}]}}